{"id":686,"date":"2020-06-16T17:50:09","date_gmt":"2020-06-16T17:50:09","guid":{"rendered":"https:\/\/phimale.ethz.ch\/?page_id=686"},"modified":"2024-12-06T17:35:59","modified_gmt":"2024-12-06T17:35:59","slug":"blog","status":"publish","type":"page","link":"https:\/\/phimale.ethz.ch\/index.php\/blog\/","title":{"rendered":"Blog"},"content":{"rendered":"\n<p><strong>From bias to balance: The journey toward equity and inclusive excellence<\/strong><\/p>\n\n\n\n<p><em>References to the Coffee lecture given by Prof. Ursula Keller on 4.12.24<\/em><\/p>\n\n\n\n<p><a href=\"https:\/\/phimale.ethz.ch\/wp-content\/uploads\/2024\/12\/Talk-Keller-Coffee-Lecture-4Dec24.pdf\" title=\"\">Slides from the coffee lecture<\/a><\/p>\n\n\n\n<p><a href=\"https:\/\/phimale.ethz.ch\/wp-content\/uploads\/2024\/12\/Ref_2023-10-24-Gender-retention-for-US-faculty-sciadv.adi2205.pdf\" title=\"\">Gender and retention patterns among U.S. faculty<\/a><\/p>\n\n\n\n<hr class=\"wp-block-separator has-alpha-channel-opacity\"\/>\n\n\n\n<p><strong>Open Letter Regarding &#8220;Leaky Pipeline in der Wissenschaft&#8221;<\/strong><\/p>\n\n\n\n<p><a href=\"https:\/\/phimale.ethz.ch\/wp-content\/uploads\/2023\/05\/Open_Letter_Leaky_Pipeline_Final.pdf\">This open letter<\/a> contains the collective response of AVETH and other ETH-affiliated organisations  to the recent interview, first published in a news outlet on 06.05.2023, regarding the results of a study on the \u201ccauses of the leaky pipeline\u201d in academia led by Prof. Margit Osterloh and Prof. Katja Rost at the University of Zurich. We want to express our total disagreement with the results and affirmations of the authors and stress that our collective lifelong experiences and genuine perspectives cannot be rewritten by an insubstantial 15 minute survey with poorly rationalised and sensationalised conclusions.<\/p>\n\n\n\n<p><a href=\"https:\/\/phimale.ethz.ch\/wp-content\/uploads\/2023\/08\/Open_Answer_Reply.pdf\">This is an open reply<\/a> to&nbsp;the <a href=\"https:\/\/www.suz.uzh.ch\/de\/institut\/professuren\/rost\/Blog\/Antwort-auf-den-Offenen-Brief-der-AVETH.html\">open answer<\/a>&nbsp;from Prof. Margit Osterloh and Prof. Katja Rost the&nbsp;open letter&nbsp;from AVETH and other ETH-affiliated organizations. The authors and signatories come from different academic levels and fields (including social sciences).<\/p>\n\n\n\n<hr class=\"wp-block-separator has-alpha-channel-opacity\"\/>\n\n\n\n<p><strong>Gender bias in Teaching Evaluations:<\/strong><\/p>\n\n\n\n<p><em>References to the Coffee lecture given by Dr. Sara Kalisnik Hintz on 19.12.22<\/em><\/p>\n\n\n\n<p><a href=\"https:\/\/phimale.ethz.ch\/wp-content\/uploads\/2023\/01\/PhiCoffeeLecture.pdf\">Slides from the coffee lecture<\/a><\/p>\n\n\n\n<p><a href=\"https:\/\/phimale.ethz.ch\/wp-content\/uploads\/2022\/12\/measurement.pdf\" data-type=\"URL\" data-id=\"https:\/\/phimale.ethz.ch\/wp-content\/uploads\/2022\/12\/measurement.pdf\">Evaluating Student Evaluations of Teaching: a Review of Measurement and Equity Bias in SETs and Recommendations for Ethical Reform<\/a><\/p>\n\n\n\n<p><a href=\"https:\/\/phimale.ethz.ch\/wp-content\/uploads\/2022\/12\/name.pdf\" data-type=\"URL\" data-id=\"https:\/\/phimale.ethz.ch\/wp-content\/uploads\/2022\/12\/name.pdf\">What\u2019s in a Name: Exposing Gender Bias in Student Ratings of Teaching<\/a><\/p>\n\n\n\n<p><a href=\"https:\/\/phimale.ethz.ch\/wp-content\/uploads\/2022\/12\/mengel-bias2019.pdf\" data-type=\"URL\" data-id=\"https:\/\/phimale.ethz.ch\/wp-content\/uploads\/2022\/12\/mengel-bias2019.pdf\">GENDER BIAS IN TEACHING EVALUATIONS<\/a><\/p>\n\n\n\n<hr class=\"wp-block-separator has-alpha-channel-opacity\"\/>\n\n\n\n<p class=\"has-medium-font-size\"><a href=\"https:\/\/phimale.ethz.ch\/wp-content\/uploads\/2021\/12\/Gendergerechte_Sprache_letter.pdf\">Gender-inclusive language: Letter to the lecturers (english &amp; german)<\/a><\/p>\n\n\n\n<hr class=\"wp-block-separator has-alpha-channel-opacity\"\/>\n\n\n\n<p class=\"has-medium-font-size\"><a href=\"https:\/\/phimale.ethz.ch\/vamp-wunschdenken-kopie-3\/\">W<\/a><a href=\"https:\/\/phimale.ethz.ch\/wp-content\/uploads\/2021\/05\/VAMP-Wunschdenken-Kopie-2.pdf\">unschdenken &#8211; Artikel zu Lohnunngleichheit (Vamp April 2021)<\/a><\/p>\n\n\n\n<p><strong>Links:<\/strong> <br>Lohnunterschiede in der Schweiz: <a href=\"https:\/\/www.bfs.admin.ch\/bfs\/de\/home\/statistiken\/arbeit-erwerb\/loehne-erwerbseinkommen-arbeitskosten\/lohnniveau-schweiz\/lohnunterschied.html\">www.bfs.admin.ch\/bfs\/de\/home\/statistiken\/arbe- it-erwerb\/loehne-erwerbseinkommen-arbeitskosten\/ lohnniveau-schweiz\/lohnunterschied.html<\/a>,<br>Lohnverhandlung bei Frauen, Hannah Riley Bowles: https:\/\/hbr. org\/2014\/06\/why-women-dont-negotiate-their-job- offers, letzter Zugriff: 19.03.2021<\/p>\n\n\n\n<hr class=\"wp-block-separator has-alpha-channel-opacity\"\/>\n\n\n\n<p class=\"has-medium-font-size\"><a href=\"https:\/\/phimale.ethz.ch\/amathematicianrethinksgender\/\">A<\/a><a href=\"https:\/\/phimale.ethz.ch\/wp-content\/uploads\/2021\/05\/AMathematicianRethinksGender.pdf\"> mathematician rethinks gender &#8211; review of Eugenia Cheng&#8217;s book X+Y<\/a><\/p>\n\n\n\n<p><strong>Related Links:<\/strong> <br>Eugenia Cheng: <a href=\"http:\/\/eugeniacheng.com\">http:\/\/eugeniacheng.com<\/a><br>Abra Brisbin, Ursula Whitcher, Women&#8217;s Representation in Mathematics Subfields: Evidence from the arXiv, 2015: <a href=\"https:\/\/arxiv.org\/abs\/1509.07824\">https:\/\/arxiv.org\/abs\/1509.07824<\/a><\/p>\n\n\n\n<hr class=\"wp-block-separator has-alpha-channel-opacity\"\/>\n\n\n\n<p class=\"has-medium-font-size\"><a href=\"https:\/\/phimale.ethz.ch\/wp-content\/uploads\/2021\/05\/HappyNoethember-compressed.pdf\">Happy Noethember! Article about female role models (Vamp November 2020)<\/a><\/p>\n\n\n\n<p><strong>Related Links:<\/strong> <br>Rage of the blackboard: <a href=\"https:\/\/ragebb.wordpress.com\">https:\/\/ragebb.wordpress.com<\/a><br>The Noether lecturers: <a href=\"https:\/\/awm-math.org\/awards\/noether-lectures\/\">https:\/\/awm-math.org\/awards\/noether-lectures\/<\/a><br>Resources collected by the Noetherian Ring at UC Berkley: <a href=\"https:\/\/nring.math.berkeley.edu\/resources\/\">https:\/\/nring.math.berkeley.edu\/resources\/<br><\/a>Yuri Matijasevich&#8217;s account of his collaboration with Julia Robinson: <a href=\"https:\/\/link.springer.com\/chapter\/10.1007\/978-1-4613-0195-0_6#CR4\">https:\/\/link.springer.com\/chapter\/10.1007\/978-1-4613-0195-0_6#CR4<\/a><br>Being Julia Robinson&#8217;s sister: <a href=\"https:\/\/www.ams.org\/notices\/199612\/reid.pdf\">https:\/\/www.ams.org\/notices\/199612\/reid.pdf<\/a><\/p>\n\n\n\n<hr class=\"wp-block-separator has-alpha-channel-opacity\"\/>\n\n\n\n<p class=\"has-medium-font-size\"><a href=\"https:\/\/phimale.ethz.ch\/wp-content\/uploads\/2020\/06\/Gender-Monitoring_Artikel-Vamp_Nov19_MLS.pdf\">Artikel zum Gender Monitoring an der ETH (Vamp November 2019)<\/a><br>Das Gender Monitoring der ETH Z\u00fcrich wird j\u00e4hrlich im Herbst von der \u00abEqual\u00bb-Stelle ver\u00f6ffentlicht. \u00abEqual!\u00bb ist die Stelle f\u00fcr Chancengleichheit und Vielfalt. Der Gender Monitoring Bericht liefert aktuelle Daten zur Situation von Frauen und M\u00e4nnern an der ETH Z\u00fcrich insgesamt sowie in den verschiedenen Departementen. <\/p>\n\n\n\n<p style=\"font-size:17px\"><strong>Related Links:<\/strong><br>\u201cEQUAL!\u201d \u2013\u00a0Stelle f\u00fcr Chancengleichheit von Frau und Mann:\u00a0<a href=\"https:\/\/ethz.ch\/services\/de\/anstellung-und-arbeit\/arbeitsumfeld\/chancengleichheit\/portrait\/kontakt.html\"><\/a><a href=\"https:\/\/ethz.ch\/services\/de\/anstellung-und-arbeit\/arbeitsumfeld\/chancengleichheit\/portrait\/kontakt.html\"><\/a><a href=\"https:\/\/ethz.ch\/services\/de\/anstellung-und- arbeit\/arbeitsumfeld\/chancengleichheit.html\"><\/a><a href=\"https:\/\/ethz.ch\/services\/de\/anstellung-und- arbeit\/arbeitsumfeld\/chancengleichheit.html\"><\/a><a href=\"https:\/\/ethz.ch\/services\/de\/anstellung-und-arbeit\/arbeitsumfeld\/chancengleichheit\/portrait\/kontakt.html\"><\/a><a href=\"https:\/\/ethz.ch\/services\/de\/anstellung-und-arbeit\/arbeitsumfeld\/chancengleichheit\/portrait\/kontakt.html\"><\/a><a href=\"https:\/\/ethz.ch\/services\/de\/anstellung-und- arbeit\/arbeitsumfeld\/chancengleichheit.html\">h<a href=\"https:\/\/ethz.ch\/services\/de\/anstellung-und-arbeit\/arbeitsumfeld\/chancengleichheit\/portrait\/kontakt.html\">ttps:\/\/ethz.ch\/services\/de\/anstellung-und- arbeit\/arbeitsumfeld\/chancengleichheit.html<\/a><\/a><br>Gender Monitoring der Equal-Stelle: <a href=\"https:\/\/ethz.ch\/services\/en\/employment-and-work\/working-environment\/equal-opportunities\/strategie-und-zahlen\/gender-monitoring.html\">https:\/\/ethz.ch\/content\/dam\/ethz\/associates\/ services\/Anstellung-Arbeiten\/chancengleichheit\/Strategie_und_Zahlen\/monitoring-und- studien\/1819\/PUB_191015_Gender_Monitoring_2018Druck.pdf<\/a><\/p>\n\n\n\n<p><\/p>\n\n\n\n<hr class=\"wp-block-separator has-alpha-channel-opacity\"\/>\n\n\n\n<p class=\"has-medium-font-size\"><a href=\"https:\/\/phimale.ethz.ch\/wp-content\/uploads\/2020\/06\/Phimale-Unconscious-bias-.pdf\">Artikel zu Unconscious Bias (Vamp Herbst 2019)\ufeff<\/a><br>Stereotype lauern \u00fcberall. Sie beeinflussen unser t\u00e4gliches Handeln und Denken. Gem\u00e4ss Definition sind Stereotype unbewusste Denkweisen, bei denen wir gewissen Personen durchschnittliche Charakterz\u00fcge zuordnen, welche f\u00fcr die Gruppe&nbsp;\u2013&nbsp;welcher diese Personen anzugeh\u00f6ren scheinen&nbsp;\u2013&nbsp;typisch scheinen. Aus dem Englischen sind diese Stereotype, die sich vor allem beim schnellen Urteilen unbewusst einschleichen auch als \u00abunconscious biases\u00bb bekannt.<\/p>\n\n\n\n<p><\/p>\n\n\n\n<p style=\"font-size:17px\"><strong>Related Links:<\/strong><br>Test your implicit bias: <a href=\"https:\/\/implicit.harvard.edu\/implicit\/selectatest.html\">https:\/\/implicit.harvard.edu\/implicit\/selectatest.html<\/a> <br>Gender Monitoring der ETH:<a href=\"http:\/\/ https:\/\/ethz.ch\/services\/en\/employment-and-work\/working-environment\/equal-opportunities\/strategie-und-zahlen\/gender-monitoring.html\"> https:\/\/ethz.ch\/services\/en\/employment-and-work\/working-environment\/equal-opportunities\/strategie-und-zahlen\/gender-monitoring.html<\/a> <br>The image of scientists in&nbsp;<em>The Big Bang Theory<\/em>: <a href=\"https:\/\/physicstoday.scitation.org\/doi\/10.1063\/PT.3.3427\">https:\/\/physicstoday.scitation.org\/doi\/10.1063\/PT.3.3427<\/a><\/p>\n\n\n\n<p><\/p>\n\n\n\n<p><\/p>\n","protected":false},"excerpt":{"rendered":"<p>From bias to balance: The journey toward equity and inclusive excellence References to the Coffee lecture given by Prof. Ursula Keller on 4.12.24 Slides from the coffee lecture Gender and retention patterns among U.S. faculty Open Letter Regarding &#8220;Leaky Pipeline in der Wissenschaft&#8221; This open letter contains the collective response of AVETH and other ETH-affiliated [&hellip;]<\/p>\n","protected":false},"author":1,"featured_media":0,"parent":0,"menu_order":0,"comment_status":"closed","ping_status":"closed","template":"","meta":{"_monsterinsights_skip_tracking":false,"_monsterinsights_sitenote_active":false,"_monsterinsights_sitenote_note":"","_monsterinsights_sitenote_category":0,"footnotes":""},"class_list":["post-686","page","type-page","status-publish","hentry","post"],"aioseo_notices":[],"_links":{"self":[{"href":"https:\/\/phimale.ethz.ch\/index.php\/wp-json\/wp\/v2\/pages\/686","targetHints":{"allow":["GET"]}}],"collection":[{"href":"https:\/\/phimale.ethz.ch\/index.php\/wp-json\/wp\/v2\/pages"}],"about":[{"href":"https:\/\/phimale.ethz.ch\/index.php\/wp-json\/wp\/v2\/types\/page"}],"author":[{"embeddable":true,"href":"https:\/\/phimale.ethz.ch\/index.php\/wp-json\/wp\/v2\/users\/1"}],"replies":[{"embeddable":true,"href":"https:\/\/phimale.ethz.ch\/index.php\/wp-json\/wp\/v2\/comments?post=686"}],"version-history":[{"count":16,"href":"https:\/\/phimale.ethz.ch\/index.php\/wp-json\/wp\/v2\/pages\/686\/revisions"}],"predecessor-version":[{"id":1803,"href":"https:\/\/phimale.ethz.ch\/index.php\/wp-json\/wp\/v2\/pages\/686\/revisions\/1803"}],"wp:attachment":[{"href":"https:\/\/phimale.ethz.ch\/index.php\/wp-json\/wp\/v2\/media?parent=686"}],"curies":[{"name":"wp","href":"https:\/\/api.w.org\/{rel}","templated":true}]}}